{"id":1292,"date":"2025-04-23T07:37:53","date_gmt":"2025-04-23T05:37:53","guid":{"rendered":"https:\/\/kuu-zvon.hr\/?page_id=1292"},"modified":"2025-07-13T13:58:03","modified_gmt":"2025-07-13T11:58:03","slug":"eu-projekti","status":"publish","type":"page","link":"https:\/\/kuu-zvon.hr\/?page_id=1292","title":{"rendered":"KUU ZVON MALA SUBOTICA ZAPO\u010cINJE S PROVEDBOM SVOG PRVOG EU PROJEKTA"},"content":{"rendered":"\n<p>KUU Zvon \u017eupne zajednice Mala Subotica ima dodatan razlog za slavlje, a to je na\u0161 prvi europski projekt! Po\u010detkom travnja zapo\u010deli su s provedbom projekta BA\u0160TINA &#8211; TO SMO &#8211; Kulturna ba\u0161tina nas spaja, dok nas granica razdvaja, na kojem smo vode\u0107i partner.<\/p>\n\n\n\n<p>Projekt je sufinanciran u okviru programa prekograni\u010dne suradnje Interreg Slovenija-Hrvatska 2021. &#8211; 2027., a provodi se u partnerstvu s Turisti\u010dnim dru\u0161tvom Sredi\u0161\u010de ob Dravi iz susjedne Slovenije.<\/p>\n\n\n\n<p>U projektu \u0107e sudjelovati sve sekcije KUU Zvon &#8211; folklorna, tambura\u0161ka, rukotvorine i ma\u017eoretkinje, a tijekom trajanja projekta provodit \u0107e se radionice razli\u010dite tematike, s ciljem upoznavanja stanovni\u0161tva s obje strane granice s kulturnom ba\u0161tinom, tehnikama izrade rukotvorina te plesnim i ma\u017eoret tehnikama. Osim u Maloj Subotici, zajedni\u010dke radionice odr\u017eat \u0107e se i u slovenskom Sredi\u0161\u010du ob Dravi gdje \u0107e se sudionici upoznati s tehnikama izrade keramike, \u010dipke, prirodnog sapuna i ukrasnih predmeta.<\/p>\n\n\n\n<p>Va\u017enost ovog projekta je povezivanje lokalnog stanovni\u0161tva, me\u0111usobno upoznavanje i umre\u017eavanje te stvaranje temelja za daljnju suradnju i nove projekte.<\/p>\n\n\n\n<p>Sve radionice u okviru projekta bit \u0107e besplatne i dostupne svima s podru\u010dja op\u0107ina Mala Subotica i Sredi\u0161\u010de ob Dravi, a radionice \u0107e se odr\u017eavati u lipnju. Svi ste pozvani jer dobnog ograni\u010denja za sudjelovanje nema!<\/p>\n\n\n\n<figure class=\"wp-block-gallery aligncenter has-nested-images columns-4 is-cropped wp-block-gallery-1 is-layout-flex wp-block-gallery-is-layout-flex\">\n<figure class=\"wp-block-image size-large\"><a href=\"https:\/\/kuu-zvon.hr\/wp-content\/uploads\/2025\/04\/IMG_4131.jpeg\"><img loading=\"lazy\" decoding=\"async\" width=\"768\" height=\"1024\" data-id=\"1295\" src=\"https:\/\/kuu-zvon.hr\/wp-content\/uploads\/2025\/04\/IMG_4131-768x1024.jpeg\" alt=\"\" class=\"wp-image-1295\" srcset=\"https:\/\/kuu-zvon.hr\/wp-content\/uploads\/2025\/04\/IMG_4131-768x1024.jpeg 768w, https:\/\/kuu-zvon.hr\/wp-content\/uploads\/2025\/04\/IMG_4131-225x300.jpeg 225w, https:\/\/kuu-zvon.hr\/wp-content\/uploads\/2025\/04\/IMG_4131-1152x1536.jpeg 1152w, https:\/\/kuu-zvon.hr\/wp-content\/uploads\/2025\/04\/IMG_4131.jpeg 1200w\" sizes=\"(max-width: 706px) 89vw, (max-width: 767px) 82vw, 740px\" \/><\/a><\/figure>\n\n\n\n<figure class=\"wp-block-image size-large\"><a href=\"https:\/\/kuu-zvon.hr\/wp-content\/uploads\/2025\/04\/IMG_4129.jpeg\"><img loading=\"lazy\" decoding=\"async\" width=\"1024\" height=\"768\" data-id=\"1296\" src=\"https:\/\/kuu-zvon.hr\/wp-content\/uploads\/2025\/04\/IMG_4129-1024x768.jpeg\" alt=\"\" class=\"wp-image-1296\" srcset=\"https:\/\/kuu-zvon.hr\/wp-content\/uploads\/2025\/04\/IMG_4129-1024x768.jpeg 1024w, https:\/\/kuu-zvon.hr\/wp-content\/uploads\/2025\/04\/IMG_4129-300x225.jpeg 300w, https:\/\/kuu-zvon.hr\/wp-content\/uploads\/2025\/04\/IMG_4129-768x576.jpeg 768w, https:\/\/kuu-zvon.hr\/wp-content\/uploads\/2025\/04\/IMG_4129-1536x1152.jpeg 1536w, https:\/\/kuu-zvon.hr\/wp-content\/uploads\/2025\/04\/IMG_4129.jpeg 1600w\" sizes=\"(max-width: 706px) 89vw, (max-width: 767px) 82vw, 740px\" \/><\/a><\/figure>\n\n\n\n<figure class=\"wp-block-image size-large\"><a href=\"https:\/\/kuu-zvon.hr\/wp-content\/uploads\/2025\/04\/IMG_4132.jpeg\"><img loading=\"lazy\" decoding=\"async\" width=\"768\" height=\"1024\" data-id=\"1297\" src=\"https:\/\/kuu-zvon.hr\/wp-content\/uploads\/2025\/04\/IMG_4132-768x1024.jpeg\" alt=\"\" class=\"wp-image-1297\" srcset=\"https:\/\/kuu-zvon.hr\/wp-content\/uploads\/2025\/04\/IMG_4132-768x1024.jpeg 768w, https:\/\/kuu-zvon.hr\/wp-content\/uploads\/2025\/04\/IMG_4132-225x300.jpeg 225w, https:\/\/kuu-zvon.hr\/wp-content\/uploads\/2025\/04\/IMG_4132-1152x1536.jpeg 1152w, https:\/\/kuu-zvon.hr\/wp-content\/uploads\/2025\/04\/IMG_4132.jpeg 1200w\" sizes=\"(max-width: 706px) 89vw, (max-width: 767px) 82vw, 740px\" \/><\/a><\/figure>\n\n\n\n<figure class=\"wp-block-image size-large\"><a href=\"https:\/\/kuu-zvon.hr\/wp-content\/uploads\/2025\/04\/IMG_4134.jpeg\"><img loading=\"lazy\" decoding=\"async\" width=\"1024\" height=\"683\" data-id=\"1294\" src=\"https:\/\/kuu-zvon.hr\/wp-content\/uploads\/2025\/04\/IMG_4134-1024x683.jpeg\" alt=\"\" class=\"wp-image-1294\" srcset=\"https:\/\/kuu-zvon.hr\/wp-content\/uploads\/2025\/04\/IMG_4134-1024x683.jpeg 1024w, https:\/\/kuu-zvon.hr\/wp-content\/uploads\/2025\/04\/IMG_4134-300x200.jpeg 300w, https:\/\/kuu-zvon.hr\/wp-content\/uploads\/2025\/04\/IMG_4134-768x512.jpeg 768w, https:\/\/kuu-zvon.hr\/wp-content\/uploads\/2025\/04\/IMG_4134.jpeg 1200w\" sizes=\"(max-width: 706px) 89vw, (max-width: 767px) 82vw, 740px\" \/><\/a><\/figure>\n<\/figure>\n\n\n\n<p><\/p>\n\n\n\n<p>Vezane objave:<\/p>\n\n\n\n<p><a href=\"https:\/\/kuu-zvon.hr\/?p=1322\" data-type=\"page\" data-id=\"1148\">Odr\u017eana prekograni\u010dna radionica u Sloveniji<\/a><\/p>\n\n\n\n<p><a href=\"https:\/\/kuu-zvon.hr\/?p=1414\" data-type=\"page\" data-id=\"1148\">Zvonovci \u010duvaju tradiciju<\/a><\/p>\n\n\n\n<p><a href=\"https:\/\/kuu-zvon.hr\/?p=1420\">Radionica \u201cZvonovci \u010duvaju tradiciju\u201d okupila vi\u0161e od 100 sudionika<\/a><\/p>\n","protected":false},"excerpt":{"rendered":"<p>KUU Zvon \u017eupne zajednice Mala Subotica ima dodatan razlog za slavlje, a to je na\u0161 prvi europski projekt! Po\u010detkom travnja zapo\u010deli su s provedbom projekta BA\u0160TINA &#8211; TO SMO &#8211; Kulturna ba\u0161tina nas spaja, dok nas granica razdvaja, na kojem smo vode\u0107i partner. Projekt je sufinanciran u okviru programa prekograni\u010dne suradnje Interreg Slovenija-Hrvatska 2021. &#8211; &hellip; <\/p>\n<p class=\"link-more\"><a href=\"https:\/\/kuu-zvon.hr\/?page_id=1292\" class=\"more-link\">Nastavi \u010ditati<span class=\"screen-reader-text\"> &#8220;KUU ZVON MALA SUBOTICA ZAPO\u010cINJE S PROVEDBOM SVOG PRVOG EU PROJEKTA&#8221;<\/span><\/a><\/p>\n","protected":false},"author":4,"featured_media":1308,"parent":0,"menu_order":0,"comment_status":"closed","ping_status":"closed","template":"","meta":{"footnotes":""},"_links":{"self":[{"href":"https:\/\/kuu-zvon.hr\/index.php?rest_route=\/wp\/v2\/pages\/1292"}],"collection":[{"href":"https:\/\/kuu-zvon.hr\/index.php?rest_route=\/wp\/v2\/pages"}],"about":[{"href":"https:\/\/kuu-zvon.hr\/index.php?rest_route=\/wp\/v2\/types\/page"}],"author":[{"embeddable":true,"href":"https:\/\/kuu-zvon.hr\/index.php?rest_route=\/wp\/v2\/users\/4"}],"replies":[{"embeddable":true,"href":"https:\/\/kuu-zvon.hr\/index.php?rest_route=%2Fwp%2Fv2%2Fcomments&post=1292"}],"version-history":[{"count":17,"href":"https:\/\/kuu-zvon.hr\/index.php?rest_route=\/wp\/v2\/pages\/1292\/revisions"}],"predecessor-version":[{"id":1452,"href":"https:\/\/kuu-zvon.hr\/index.php?rest_route=\/wp\/v2\/pages\/1292\/revisions\/1452"}],"wp:featuredmedia":[{"embeddable":true,"href":"https:\/\/kuu-zvon.hr\/index.php?rest_route=\/wp\/v2\/media\/1308"}],"wp:attachment":[{"href":"https:\/\/kuu-zvon.hr\/index.php?rest_route=%2Fwp%2Fv2%2Fmedia&parent=1292"}],"curies":[{"name":"wp","href":"https:\/\/api.w.org\/{rel}","templated":true}]}}